{"id":734,"date":"2013-04-01T15:37:54","date_gmt":"2013-04-01T15:37:54","guid":{"rendered":"http:\/\/www.kriesi.at\/themes\/enfold\/?page_id=734"},"modified":"2024-04-09T07:56:56","modified_gmt":"2024-04-09T07:56:56","slug":"homepage-2","status":"publish","type":"page","link":"https:\/\/www.estil.ee\/est\/","title":{"rendered":"Homepage"},"content":{"rendered":"<div id='av-layout-grid-1'  class='av-layout-grid-container av-38vk0m-5f9d7d06ef4197116e963f520df4cc28 entry-content-wrapper main_color av-flex-cells  avia-builder-el-0  el_before_av_slideshow_full  avia-builder-el-first   container_wrap sidebar_right'  >\n\n<style type=\"text\/css\" data-created_by=\"avia_inline_auto\" id=\"style-css-av-31bz0e-783e672ea4e4c1a5cf303971e9c62508\">\n.flex_cell.av-31bz0e-783e672ea4e4c1a5cf303971e9c62508{\nvertical-align:top;\npadding:5px 5px 5px 5px;\nbackground-color:#a0a0a0;\n}\n<\/style>\n<div class='flex_cell av-31bz0e-783e672ea4e4c1a5cf303971e9c62508 av-gridrow-cell av_one_full no_margin  avia-builder-el-1  avia-builder-el-no-sibling ' ><div class='flex_cell_inner'><\/div><\/div>\n<\/div>\n<div id='full_slider_1'  class='avia-fullwidth-slider main_color avia-shadow   avia-builder-el-2  el_after_av_layout_row  el_before_av_section   avia-full-stretch slider-not-first container_wrap sidebar_right' style='background-repeat: no-repeat; background-image: url(https:\/\/estil.ee\/est\/wp-content\/uploads\/2018\/10\/g4gg44-1.jpg); background-attachment: scroll; background-position: bottom center;'  >\n<style type=\"text\/css\" data-created_by=\"avia_inline_auto\" id=\"style-css-av-2y9tqe-6236129caaf9a9db2c02ee88947c8fd1\">\n#top #wrap_all .avia-slideshow .av-slideshow-caption.av-2y9tqe-6236129caaf9a9db2c02ee88947c8fd1__0 .avia-caption-title{\nfont-size:40px;\ncolor:#ffffff;\n}\n#top .avia-slideshow .av-slideshow-caption.av-2y9tqe-6236129caaf9a9db2c02ee88947c8fd1__0 .avia-caption-content{\nfont-size:16px;\ncolor:#ffffff;\n}\n#top .avia-slideshow .av-slideshow-caption.av-2y9tqe-6236129caaf9a9db2c02ee88947c8fd1__0 .avia-caption-content p{\nfont-size:16px;\n}\n#top #wrap_all .avia-slideshow .av-slideshow-caption.av-2y9tqe-6236129caaf9a9db2c02ee88947c8fd1__1 .avia-caption-title{\nfont-size:40px;\ncolor:#ffffff;\n}\n#top .avia-slideshow .av-slideshow-caption.av-2y9tqe-6236129caaf9a9db2c02ee88947c8fd1__1 .avia-caption-content{\nfont-size:16px;\ncolor:#ffffff;\n}\n#top .avia-slideshow .av-slideshow-caption.av-2y9tqe-6236129caaf9a9db2c02ee88947c8fd1__1 .avia-caption-content p{\nfont-size:16px;\n}\n#top #wrap_all .avia-slideshow .av-slideshow-caption.av-2y9tqe-6236129caaf9a9db2c02ee88947c8fd1__2 .avia-caption-title{\nfont-size:40px;\ncolor:#ffffff;\n}\n#top .avia-slideshow .av-slideshow-caption.av-2y9tqe-6236129caaf9a9db2c02ee88947c8fd1__2 .avia-caption-content{\nfont-size:16px;\ncolor:#ffffff;\n}\n#top .avia-slideshow .av-slideshow-caption.av-2y9tqe-6236129caaf9a9db2c02ee88947c8fd1__2 .avia-caption-content p{\nfont-size:16px;\n}\n<\/style>\n<div  class='avia-slideshow av-2y9tqe-6236129caaf9a9db2c02ee88947c8fd1 avia-slideshow-no scaling av_slideshow_full avia-slide-slider av-slideshow-ui av-control-default av-slideshow-autoplay av-loop-endless av-loop-manual-endless av-default-height-applied   avia-slideshow-1' data-slideshow-options=\"{&quot;animation&quot;:&quot;slide&quot;,&quot;autoplay&quot;:true,&quot;loop_autoplay&quot;:&quot;endless&quot;,&quot;interval&quot;:5,&quot;loop_manual&quot;:&quot;manual-endless&quot;,&quot;autoplay_stopper&quot;:false,&quot;noNavigation&quot;:false,&quot;bg_slider&quot;:false,&quot;keep_padding&quot;:false,&quot;hoverpause&quot;:false,&quot;show_slide_delay&quot;:0}\"  itemprop=\"image\" itemscope=\"itemscope\" itemtype=\"https:\/\/schema.org\/ImageObject\" ><ul class='avia-slideshow-inner ' style='padding-bottom: 37.5333333333%;'><li  class='avia-slideshow-slide av-2y9tqe-6236129caaf9a9db2c02ee88947c8fd1__0  slide-1 slide-odd'><div data-rel='slideshow-1' class='avia-slide-wrap '   ><div class='av-slideshow-caption av-2y9tqe-6236129caaf9a9db2c02ee88947c8fd1__0 caption_fullwidth caption_right caption_right_framed caption_framed'><div class=\"container caption_container\"><div class=\"slideshow_caption\"><div class=\"slideshow_inner_caption\"><div class=\"slideshow_align_caption\"><h2 class='avia-caption-title '  itemprop=\"name\" >UPS seadmed<\/h2><div class='avia-caption-content av_inherit_color'  itemprop=\"description\" ><p>UPS ehk katkematu elektritoite allikas on seade, mis kindlustab tarbijatele katkestusvaba toite olukorras, kus v\u00f5rgutoide kaob, puudub v\u00f5i selle kvaliteet on ebarahuldav. UPS s\u00fcsteem koosneb elektrienergia salvestist, voolumuunduritest, l\u00fclitus \u2013 ja kaitseseadmetest. Elektrienergia salvestina kasutatakse peamiselt suletud, hooldusvabasid plii \u2013 happeakusid.<\/p>\n<\/div><a href='https:\/\/www.estil.ee\/est\/tooted-ja-teenused\/ups\/'  class='avia-slideshow-button avia-button avia-color-black ' data-duration='800' data-easing='easeInOutQuad'>Loe l\u00e4hemalt<\/a><\/div><\/div><\/div><\/div><\/div><img decoding=\"async\" class=\"wp-image-4340 avia-img-lazy-loading-not-4340\"  src=\"https:\/\/www.estil.ee\/est\/wp-content\/uploads\/2018\/10\/42gg244g2-1.png\" width=\"1500\" height=\"563\" title='42gg244g2' alt=''  itemprop=\"thumbnailUrl\" srcset=\"https:\/\/www.estil.ee\/est\/wp-content\/uploads\/2018\/10\/42gg244g2-1.png 1500w, https:\/\/www.estil.ee\/est\/wp-content\/uploads\/2018\/10\/42gg244g2-1-300x113.png 300w, https:\/\/www.estil.ee\/est\/wp-content\/uploads\/2018\/10\/42gg244g2-1-768x288.png 768w, https:\/\/www.estil.ee\/est\/wp-content\/uploads\/2018\/10\/42gg244g2-1-1030x387.png 1030w, https:\/\/www.estil.ee\/est\/wp-content\/uploads\/2018\/10\/42gg244g2-1-705x265.png 705w, https:\/\/www.estil.ee\/est\/wp-content\/uploads\/2018\/10\/42gg244g2-1-450x169.png 450w\" sizes=\"(max-width: 1500px) 100vw, 1500px\" \/><\/div><\/li><li  class='avia-slideshow-slide av-2y9tqe-6236129caaf9a9db2c02ee88947c8fd1__1  slide-2 slide-even'><div data-rel='slideshow-1' class='avia-slide-wrap '   ><div class='av-slideshow-caption av-2y9tqe-6236129caaf9a9db2c02ee88947c8fd1__1 caption_fullwidth caption_right caption_right_framed caption_framed'><div class=\"container caption_container\"><div class=\"slideshow_caption\"><div class=\"slideshow_inner_caption\"><div class=\"slideshow_align_caption\"><h2 class='avia-caption-title '  itemprop=\"name\" >Alalisvoolus\u00fcsteemid<\/h2><div class='avia-caption-content av_inherit_color'  itemprop=\"description\" ><p>Alalisvoolus\u00fcsteemid (DC systems) on seadmete kogumid, mis konverteerivad vahelduvvoolu alalisvooluks (alaldid, akulaadijad) v\u00f5i alalisvoolu vahelduvvooluks (inverterid). <\/p>\n<p>Alalisvoolus\u00fcsteemid v\u00f5ivad salvestada energia ka akudesse, et toita nii alalisvoolu, kui ka vahelduvvoolu tarbijaid (inverter) katkestusvabalt.<\/p>\n<\/div><a href='https:\/\/www.estil.ee\/est\/tooted-ja-teenused\/alalisvoolususteemid\/'  class='avia-slideshow-button avia-button avia-color-black ' data-duration='800' data-easing='easeInOutQuad'>Loe l\u00e4hemalt<\/a><\/div><\/div><\/div><\/div><\/div><img decoding=\"async\" class=\"wp-image-4342 avia-img-lazy-loading-not-4342\"  src=\"https:\/\/www.estil.ee\/est\/wp-content\/uploads\/2018\/10\/aeseee-1.png\" width=\"1500\" height=\"563\" title='aeseee' alt=''  itemprop=\"thumbnailUrl\" srcset=\"https:\/\/www.estil.ee\/est\/wp-content\/uploads\/2018\/10\/aeseee-1.png 1500w, https:\/\/www.estil.ee\/est\/wp-content\/uploads\/2018\/10\/aeseee-1-300x113.png 300w, https:\/\/www.estil.ee\/est\/wp-content\/uploads\/2018\/10\/aeseee-1-768x288.png 768w, https:\/\/www.estil.ee\/est\/wp-content\/uploads\/2018\/10\/aeseee-1-1030x387.png 1030w, https:\/\/www.estil.ee\/est\/wp-content\/uploads\/2018\/10\/aeseee-1-705x265.png 705w, https:\/\/www.estil.ee\/est\/wp-content\/uploads\/2018\/10\/aeseee-1-450x169.png 450w\" sizes=\"(max-width: 1500px) 100vw, 1500px\" \/><\/div><\/li><li  class='avia-slideshow-slide av-2y9tqe-6236129caaf9a9db2c02ee88947c8fd1__2  slide-3 slide-odd'><div data-rel='slideshow-1' class='avia-slide-wrap '   ><div class='av-slideshow-caption av-2y9tqe-6236129caaf9a9db2c02ee88947c8fd1__2 caption_fullwidth caption_right caption_right_framed caption_framed'><div class=\"container caption_container\"><div class=\"slideshow_caption\"><div class=\"slideshow_inner_caption\"><div class=\"slideshow_align_caption\"><h2 class='avia-caption-title '  itemprop=\"name\" >Akupatareid<\/h2><div class='avia-caption-content av_inherit_color'  itemprop=\"description\" ><p>UPS-ides ja alalisvoolukeskustes kasutatakse peamiselt pliiakusid (Lead\u2013acid battery).<br \/>\nTehnoloogiliselt jagunevad need lahtisteks (vented battery) ja kinnisteks, hooldusvabadeks VRLA (valve-regulated lead\u2013acid battery), mis omakorda veel AGM (absorbed glass mat battery) ja geeliakudeks (Gel battery).<\/p>\n<\/div><a href='https:\/\/www.estil.ee\/est\/tooted-ja-teenused\/akupatareid\/'  class='avia-slideshow-button avia-button avia-color-black ' data-duration='800' data-easing='easeInOutQuad'>Loe l\u00e4hemalt<\/a><\/div><\/div><\/div><\/div><\/div><img decoding=\"async\" class=\"wp-image-4517 avia-img-lazy-loading-not-4517\"  src=\"https:\/\/www.estil.ee\/est\/wp-content\/uploads\/2018\/10\/a3f3af3f-1.png\" width=\"1500\" height=\"563\" title='a3f3af3f' alt=''  itemprop=\"thumbnailUrl\" srcset=\"https:\/\/www.estil.ee\/est\/wp-content\/uploads\/2018\/10\/a3f3af3f-1.png 1500w, https:\/\/www.estil.ee\/est\/wp-content\/uploads\/2018\/10\/a3f3af3f-1-300x113.png 300w, https:\/\/www.estil.ee\/est\/wp-content\/uploads\/2018\/10\/a3f3af3f-1-768x288.png 768w, https:\/\/www.estil.ee\/est\/wp-content\/uploads\/2018\/10\/a3f3af3f-1-1030x387.png 1030w, https:\/\/www.estil.ee\/est\/wp-content\/uploads\/2018\/10\/a3f3af3f-1-705x265.png 705w, https:\/\/www.estil.ee\/est\/wp-content\/uploads\/2018\/10\/a3f3af3f-1-450x169.png 450w\" sizes=\"(max-width: 1500px) 100vw, 1500px\" \/><\/div><\/li><\/ul><div class='avia-slideshow-arrows avia-slideshow-controls' ><a href='#prev' class='prev-slide ' aria-hidden='true' data-av_icon='\ue87c' data-av_iconfont='entypo-fontello'  tabindex='-1'>Previous<\/a><a href='#next' class='next-slide ' aria-hidden='true' data-av_icon='\ue87d' data-av_iconfont='entypo-fontello'  tabindex='-1'>Next<\/a><\/div><div class='avia-slideshow-dots avia-slideshow-controls'><a href='#1' class='goto-slide active' >1<\/a><a href='#2' class='goto-slide ' >2<\/a><a href='#3' class='goto-slide ' >3<\/a><\/div><\/div><\/div>\n<div id='mobiilis'  class='avia-section av-27gwum-4145bfff33693c1b5442af4ab4ee112a main_color avia-section-small avia-no-border-styling  avia-builder-el-3  el_after_av_slideshow_full  el_before_av_section  avia-bg-style-scroll container_wrap sidebar_right'  ><div class='container av-section-cont-open' ><div class='template-page content  av-content-small alpha units'><div class='post-entry post-entry-type-page post-entry-734'><div class='entry-content-wrapper clearfix'>\n\n<style type=\"text\/css\" data-created_by=\"avia_inline_auto\" id=\"style-css-av-24iqbi-d5c16b5dfb3ea34e5fbc1a0ed551ee60\">\n.flex_column.av-24iqbi-d5c16b5dfb3ea34e5fbc1a0ed551ee60{\n-webkit-border-radius:0px 0px 0px 0px;\n-moz-border-radius:0px 0px 0px 0px;\nborder-radius:0px 0px 0px 0px;\n}\n<\/style>\n<div class='flex_column av-24iqbi-d5c16b5dfb3ea34e5fbc1a0ed551ee60 av_one_full  avia-builder-el-4  avia-builder-el-no-sibling  first flex_column_div av-zero-column-padding '     ><p>\n<style type=\"text\/css\" data-created_by=\"avia_inline_auto\" id=\"style-css-av-6zmfq-99433eab265801173d8c097cfdfba896\">\n.iconbox.av-6zmfq-99433eab265801173d8c097cfdfba896 .iconbox_icon{\ncolor:#00559a;\n}\n#top #wrap_all .iconbox.av-6zmfq-99433eab265801173d8c097cfdfba896 .iconbox_content_title{\ncolor:#0a0a0a;\n}\n<\/style>\n<article  class='iconbox iconbox_left_content av-6zmfq-99433eab265801173d8c097cfdfba896 av-icon-style-no-border  avia-builder-el-5  el_before_av_icon_box  avia-builder-el-first '  itemscope=\"itemscope\" itemtype=\"https:\/\/schema.org\/CreativeWork\" ><div class=\"iconbox_icon heading-color\" aria-hidden='true' data-av_icon='\ue854' data-av_iconfont='entypo-fontello'><\/div><div class=\"iconbox_content\"><header class=\"entry-content-header\"><h3 class='iconbox_content_title '  itemprop=\"headline\" >\u00dcldtelefon<\/h3><\/header><div class='iconbox_content_container '  itemprop=\"text\" ><p>+372 6593 200<\/p>\n<\/div><\/div><footer class=\"entry-footer\"><\/footer><\/article><br \/>\n\n<style type=\"text\/css\" data-created_by=\"avia_inline_auto\" id=\"style-css-av-1pp3o6-a202e6cac22ce768501bf1d8f8c8c8c8\">\n.iconbox.av-1pp3o6-a202e6cac22ce768501bf1d8f8c8c8c8 .iconbox_icon{\ncolor:#00559a;\n}\n#top #wrap_all .iconbox.av-1pp3o6-a202e6cac22ce768501bf1d8f8c8c8c8 .iconbox_content_title{\ncolor:#0a0a0a;\n}\n<\/style>\n<article  class='iconbox iconbox_left_content av-1pp3o6-a202e6cac22ce768501bf1d8f8c8c8c8 av-icon-style-no-border  avia-builder-el-6  el_after_av_icon_box  el_before_av_icon_box '  itemscope=\"itemscope\" itemtype=\"https:\/\/schema.org\/CreativeWork\" ><a href='mailto:info@estil.ee' title='E-post'  class=\"iconbox_icon heading-color\" aria-hidden='true' data-av_icon='\ue805' data-av_iconfont='entypo-fontello'><\/a><div class=\"iconbox_content\"><header class=\"entry-content-header\"><h3 class='iconbox_content_title '  itemprop=\"headline\" ><a href='mailto:info@estil.ee' title='E-post' >E-post<\/a><\/h3><\/header><div class='iconbox_content_container '  itemprop=\"text\" ><p><a href=\"mailto:info@vallin.ee\">info@vallin.ee<\/a><\/p>\n<\/div><\/div><footer class=\"entry-footer\"><\/footer><\/article><br \/>\n\n<style type=\"text\/css\" data-created_by=\"avia_inline_auto\" id=\"style-css-av-1ifedi-7124559e02f6f331a1366a892a9bf5e1\">\n.iconbox.av-1ifedi-7124559e02f6f331a1366a892a9bf5e1 .iconbox_icon{\ncolor:#00559a;\n}\n#top #wrap_all .iconbox.av-1ifedi-7124559e02f6f331a1366a892a9bf5e1 .iconbox_content_title{\ncolor:#0a0a0a;\n}\n<\/style>\n<article  class='iconbox iconbox_left_content av-1ifedi-7124559e02f6f331a1366a892a9bf5e1 av-icon-style-no-border  avia-builder-el-7  el_after_av_icon_box  avia-builder-el-last '  itemscope=\"itemscope\" itemtype=\"https:\/\/schema.org\/CreativeWork\" ><a href='https:\/\/www.google.ee\/maps\/place\/Helgi+tee+2,+Peetri,+75312+Harju+maakond\/@59.3973866,24.8250317,458m\/data=!3m1!1e3!4m5!3m4!1s0x4692eb6d0517f659:0xf87d8cb336b088f1!8m2!3d59.3973839!4d24.8272204' title='Meie asukoht kaardil'  class=\"iconbox_icon heading-color\" aria-hidden='true' data-av_icon='\ue8b1' data-av_iconfont='entypo-fontello'><\/a><div class=\"iconbox_content\"><header class=\"entry-content-header\"><h3 class='iconbox_content_title '  itemprop=\"headline\" ><a href='https:\/\/www.google.ee\/maps\/place\/Helgi+tee+2,+Peetri,+75312+Harju+maakond\/@59.3973866,24.8250317,458m\/data=!3m1!1e3!4m5!3m4!1s0x4692eb6d0517f659:0xf87d8cb336b088f1!8m2!3d59.3973839!4d24.8272204' title='Meie asukoht kaardil' >Meie asukoht kaardil<\/a><\/h3><\/header><div class='iconbox_content_container '  itemprop=\"text\" ><p><a href=\"https:\/\/www.google.ee\/maps\/place\/Helgi+tee+2,+Peetri,+75312+Harju+maakond\/@59.3973866,24.8250317,458m\/data=!3m1!1e3!4m5!3m4!1s0x4692eb6d0517f659:0xf87d8cb336b088f1!8m2!3d59.3973839!4d24.8272204\">Google Maps<\/a><\/p>\n<\/div><\/div><footer class=\"entry-footer\"><\/footer><\/article><\/p><\/div>\n\n<\/div><\/div><\/div><!-- close content main div --><\/div><\/div>\n<style type=\"text\/css\" data-created_by=\"avia_inline_auto\" id=\"style-css-av-1c8ca6-a389c2b7b0e4b98a14da4521cdce7daa\">\n.avia-section.av-1c8ca6-a389c2b7b0e4b98a14da4521cdce7daa .av-section-color-overlay{\nopacity:0.9;\nbackground-color:#ffffff;\n}\n<\/style>\n<div id='tutvustus'  class='avia-section av-1c8ca6-a389c2b7b0e4b98a14da4521cdce7daa main_color avia-section-small avia-no-border-styling  avia-builder-el-8  el_after_av_section  el_before_av_layout_row  avia-bg-style-fixed av-section-color-overlay-active container_wrap sidebar_right'  ><div class=\"av-section-color-overlay-wrap\"><div class=\"av-section-color-overlay\"><\/div><div class='container av-section-cont-open' ><div class='template-page content  av-content-small alpha units'><div class='post-entry post-entry-type-page post-entry-734'><div class='entry-content-wrapper clearfix'>\n\n<style type=\"text\/css\" data-created_by=\"avia_inline_auto\" id=\"style-css-av-1aam92-678b91d9a462dd8a4a4795b1a599a553\">\n.flex_column.av-1aam92-678b91d9a462dd8a4a4795b1a599a553{\n-webkit-border-radius:0px 0px 0px 0px;\n-moz-border-radius:0px 0px 0px 0px;\nborder-radius:0px 0px 0px 0px;\n}\n<\/style>\n<div class='flex_column av-1aam92-678b91d9a462dd8a4a4795b1a599a553 av_one_full  avia-builder-el-9  avia-builder-el-no-sibling  first flex_column_div av-zero-column-padding '     ><p>\n<style type=\"text\/css\" data-created_by=\"avia_inline_auto\" id=\"style-css-av-113pfy-59c91ff67ffcc20cf4e612d1ba37d55c\">\n#top .av-special-heading.av-113pfy-59c91ff67ffcc20cf4e612d1ba37d55c{\npadding-bottom:10px;\ncolor:#4c4c4c;\nfont-size:40px;\n}\nbody .av-special-heading.av-113pfy-59c91ff67ffcc20cf4e612d1ba37d55c .av-special-heading-tag .heading-char{\nfont-size:25px;\n}\n#top #wrap_all .av-special-heading.av-113pfy-59c91ff67ffcc20cf4e612d1ba37d55c .av-special-heading-tag{\nfont-size:40px;\n}\n.av-special-heading.av-113pfy-59c91ff67ffcc20cf4e612d1ba37d55c .special-heading-inner-border{\nborder-color:#4c4c4c;\n}\n.av-special-heading.av-113pfy-59c91ff67ffcc20cf4e612d1ba37d55c .av-subheading{\nfont-size:15px;\n}\n<\/style>\n<div  class='av-special-heading av-113pfy-59c91ff67ffcc20cf4e612d1ba37d55c av-special-heading-h2 custom-color-heading blockquote modern-quote modern-centered  avia-builder-el-10  el_before_av_textblock  avia-builder-el-first  av-inherit-size'><h2 class='av-special-heading-tag'  itemprop=\"headline\"  >Vallin Baltic AS<\/h2><div class=\"special-heading-border\"><div class=\"special-heading-inner-border\"><\/div><\/div><\/div><br \/>\n\n<style type=\"text\/css\" data-created_by=\"avia_inline_auto\" id=\"style-css-av-wpnmm-683997fc69f47a14741d6044c926bf27\">\n#top .av_textblock_section.av-wpnmm-683997fc69f47a14741d6044c926bf27 .avia_textblock{\nfont-size:18px;\n}\n<\/style>\n<section  class='av_textblock_section av-wpnmm-683997fc69f47a14741d6044c926bf27'  itemscope=\"itemscope\" itemtype=\"https:\/\/schema.org\/CreativeWork\" ><div class='avia_textblock'  itemprop=\"text\" ><p style=\"text-align: justify;\">Vallin Baltic AS on asutatud 1994. aastal. Ettev\u00f5tte t\u00f6\u00f6tajatel on UPS seadmete, aku \u2013ja alalisvoolus\u00fcsteemide kogemus 1997 aastast. Tarnime, paigaldame, seadistame, remondime ja hooldame meie poolt maale toodud v\u00f5i ehitatud, samuti teiste valmistajate analoogseid seadmeid.<\/p>\n<\/div><\/section><\/p><\/div>\n\n<\/div><\/div><\/div><!-- close content main div --><\/div><\/div><\/div><div id='av-layout-grid-2'  class='av-layout-grid-container av-op4a6-5155eb5e77a6c38bad0660ad5ac0dc1a entry-content-wrapper main_color av-flex-cells  avia-builder-el-12  el_after_av_section  avia-builder-el-last  grid-row-not-first  container_wrap sidebar_right'  >\n\n<style type=\"text\/css\" data-created_by=\"avia_inline_auto\" id=\"style-css-av-kylou-2bae31d6460e696729c969d70c6bb4ec\">\n.flex_cell.av-kylou-2bae31d6460e696729c969d70c6bb4ec{\nvertical-align:top;\npadding:50px 0px 80px 0px;\nbackground:url(https:\/\/www.estil.ee\/est\/wp-content\/uploads\/2018\/10\/12fdx-1.png) 0% 50% no-repeat scroll ;\n}\n<\/style>\n<div class='flex_cell av-kylou-2bae31d6460e696729c969d70c6bb4ec av-gridrow-cell av_two_fifth no_margin av-hide-on-mobile  avia-builder-el-13  el_before_av_cell_three_fifth  avia-builder-el-first ' ><div class='flex_cell_inner'><\/div><\/div>\n<style type=\"text\/css\" data-created_by=\"avia_inline_auto\" id=\"style-css-av-he68e-261ca80b2fc4391177ed1bfedaedf628\">\n.flex_cell.av-he68e-261ca80b2fc4391177ed1bfedaedf628{\nvertical-align:top;\npadding:50px 100px 80px 10px;\n}\n<\/style>\n<div class='flex_cell av-he68e-261ca80b2fc4391177ed1bfedaedf628 av-gridrow-cell av_three_fifth no_margin av-hide-on-mobile  avia-builder-el-14  el_after_av_cell_two_fifth  avia-builder-el-last ' ><div class='flex_cell_inner'>\n<style type=\"text\/css\" data-created_by=\"avia_inline_auto\" id=\"style-css-av-r00m-0fe9f6078215dbcde8254bccfd397bad\">\n#top .av_textblock_section.av-r00m-0fe9f6078215dbcde8254bccfd397bad .avia_textblock{\nfont-size:18px;\n}\n<\/style>\n<section  class='av_textblock_section av-r00m-0fe9f6078215dbcde8254bccfd397bad'  itemscope=\"itemscope\" itemtype=\"https:\/\/schema.org\/CreativeWork\" ><div class='avia_textblock'  itemprop=\"text\" ><p style=\"text-align: justify;\">Meie missiooniks on <strong>kindlustada arvutiv\u00f5rkude, serveriruumide, t\u00f6\u00f6jaamade ning t\u00f6\u00f6stusprotsesside juhtimisseadmete t\u00f5rgeteta ja voolukatkestusteta t\u00f6\u00f6<\/strong>, pakkudes selleks komplektseid lahendusi UPS seadmete, konverterite ning akus\u00fcsteemide tugilahenduste kaudu.<\/p>\n<\/div><\/section>\n<\/div><\/div>\n<\/div>\n","protected":false},"excerpt":{"rendered":"<p>This is a Page excerpt. It will be displayed for search results<\/p>\n","protected":false},"author":1,"featured_media":0,"parent":0,"menu_order":0,"comment_status":"open","ping_status":"open","template":"","meta":{"footnotes":""},"class_list":["post-734","page","type-page","status-publish","hentry"],"_links":{"self":[{"href":"https:\/\/www.estil.ee\/est\/wp-json\/wp\/v2\/pages\/734","targetHints":{"allow":["GET"]}}],"collection":[{"href":"https:\/\/www.estil.ee\/est\/wp-json\/wp\/v2\/pages"}],"about":[{"href":"https:\/\/www.estil.ee\/est\/wp-json\/wp\/v2\/types\/page"}],"author":[{"embeddable":true,"href":"https:\/\/www.estil.ee\/est\/wp-json\/wp\/v2\/users\/1"}],"replies":[{"embeddable":true,"href":"https:\/\/www.estil.ee\/est\/wp-json\/wp\/v2\/comments?post=734"}],"version-history":[{"count":5,"href":"https:\/\/www.estil.ee\/est\/wp-json\/wp\/v2\/pages\/734\/revisions"}],"predecessor-version":[{"id":5024,"href":"https:\/\/www.estil.ee\/est\/wp-json\/wp\/v2\/pages\/734\/revisions\/5024"}],"wp:attachment":[{"href":"https:\/\/www.estil.ee\/est\/wp-json\/wp\/v2\/media?parent=734"}],"curies":[{"name":"wp","href":"https:\/\/api.w.org\/{rel}","templated":true}]}}