{"id":4896,"date":"2018-10-24T16:52:26","date_gmt":"2018-10-24T16:52:26","guid":{"rendered":"http:\/\/elemental.ee\/estil\/?page_id=4896"},"modified":"2018-10-24T16:52:26","modified_gmt":"2018-10-24T16:52:26","slug":"schafer-elektronik-gmbh","status":"publish","type":"page","link":"https:\/\/www.estil.ee\/est\/tooted-ja-teenused\/inverterid-ja-konverterid\/schafer-elektronik-gmbh\/","title":{"rendered":"Sch\u00e4fer Elektronik GmbH"},"content":{"rendered":"\n<style type=\"text\/css\" data-created_by=\"avia_inline_auto\" id=\"style-css-av-av_section-7a8c966baefa70e6a13dd0d71ba6ceca\">\n.avia-section.av-av_section-7a8c966baefa70e6a13dd0d71ba6ceca{\nbackground-repeat:no-repeat;\nbackground-image:url(https:\/\/www.estil.ee\/est\/wp-content\/uploads\/2018\/10\/123header-1.jpg);\nbackground-position:50% 0%;\nbackground-attachment:scroll;\n}\n<\/style>\n<div id='teenused'  class='avia-section av-av_section-7a8c966baefa70e6a13dd0d71ba6ceca main_color avia-section-default avia-no-border-styling  avia-builder-el-0  el_before_av_heading  avia-builder-el-first  avia-full-stretch avia-bg-style-scroll av-minimum-height av-minimum-height-custom  container_wrap sidebar_right'  data-section-bg-repeat='stretch' data-av_minimum_height_px='262'><div class='container av-section-cont-open' style='height:262px'><main  role=\"main\" itemprop=\"mainContentOfPage\"  class='template-page content  av-content-small alpha units'><div class='post-entry post-entry-type-page post-entry-4896'><div class='entry-content-wrapper clearfix'><\/div><\/div><\/main><!-- close content main element --><\/div><\/div><div id='after_section_1'  class='main_color av_default_container_wrap container_wrap sidebar_right'  ><div class='container av-section-cont-open' ><div class='template-page content  av-content-small alpha units'><div class='post-entry post-entry-type-page post-entry-4896'><div class='entry-content-wrapper clearfix'>\n\n<style type=\"text\/css\" data-created_by=\"avia_inline_auto\" id=\"style-css-av-av_heading-ff0aec3f231a2b98800ffdc0d4b408b6\">\n#top .av-special-heading.av-av_heading-ff0aec3f231a2b98800ffdc0d4b408b6{\npadding-bottom:10px;\ncolor:#4c4c4c;\nfont-size:40px;\n}\nbody .av-special-heading.av-av_heading-ff0aec3f231a2b98800ffdc0d4b408b6 .av-special-heading-tag .heading-char{\nfont-size:25px;\n}\n#top #wrap_all .av-special-heading.av-av_heading-ff0aec3f231a2b98800ffdc0d4b408b6 .av-special-heading-tag{\nfont-size:40px;\n}\n.av-special-heading.av-av_heading-ff0aec3f231a2b98800ffdc0d4b408b6 .special-heading-inner-border{\nborder-color:#4c4c4c;\n}\n.av-special-heading.av-av_heading-ff0aec3f231a2b98800ffdc0d4b408b6 .av-subheading{\nfont-size:15px;\n}\n<\/style>\n<div  class='av-special-heading av-av_heading-ff0aec3f231a2b98800ffdc0d4b408b6 av-special-heading-h2 custom-color-heading blockquote modern-quote  avia-builder-el-1  el_after_av_section  el_before_av_hr  avia-builder-el-first  av-thin-font av-inherit-size'><h2 class='av-special-heading-tag'  itemprop=\"headline\"  ><strong>Sch\u00e4fer Elektronik GmbH<\/strong><\/h2><div class=\"special-heading-border\"><div class=\"special-heading-inner-border\"><\/div><\/div><\/div>\n\n<style type=\"text\/css\" data-created_by=\"avia_inline_auto\" id=\"style-css-av-av_hr-78c3437b76b0cfc292e785efcfa7651d\">\n#top .hr.av-av_hr-78c3437b76b0cfc292e785efcfa7651d{\nmargin-top:10px;\nmargin-bottom:10px;\n}\n.hr.av-av_hr-78c3437b76b0cfc292e785efcfa7651d .hr-inner{\nwidth:100%;\nborder-color:#d8d8d8;\n}\n<\/style>\n<div  class='hr av-av_hr-78c3437b76b0cfc292e785efcfa7651d hr-custom  avia-builder-el-2  el_after_av_heading  el_before_av_one_full  hr-center hr-icon-no'><span class='hr-inner inner-border-av-border-thin'><span class=\"hr-inner-style\"><\/span><\/span><\/div>\n\n<style type=\"text\/css\" data-created_by=\"avia_inline_auto\" id=\"style-css-av-av_one_full-b18ec1635791c30194c2fc90ea77ba9c\">\n.flex_column.av-av_one_full-b18ec1635791c30194c2fc90ea77ba9c{\n-webkit-border-radius:0px 0px 0px 0px;\n-moz-border-radius:0px 0px 0px 0px;\nborder-radius:0px 0px 0px 0px;\n}\n<\/style>\n<div class='flex_column av-av_one_full-b18ec1635791c30194c2fc90ea77ba9c av_one_full  avia-builder-el-3  el_after_av_hr  avia-builder-el-last  first flex_column_div av-zero-column-padding '     ><section  class='av_textblock_section av-av_textblock-396ddf1f42196ca838231e61a4602801'  itemscope=\"itemscope\" itemtype=\"https:\/\/schema.org\/CreativeWork\" ><div class='avia_textblock'  itemprop=\"text\" ><p style=\"text-align: justify;\">Professionaalsed, v\u00e4ga k\u00f5rge kvaliteediga nn r\u00e4tsepat\u00f6\u00f6na tehtud inverterid, alalisvoolu konverterid, akulaadijad, aladid ja staatilised l\u00fclitid kasutamiseks n\u00f5udlikes tingimustes.<\/p>\n<\/div><\/section><\/div>\n","protected":false},"excerpt":{"rendered":"<p>This is a Page excerpt. It will be displayed for search results<\/p>\n","protected":false},"author":1,"featured_media":0,"parent":4888,"menu_order":0,"comment_status":"open","ping_status":"open","template":"","meta":{"footnotes":""},"class_list":["post-4896","page","type-page","status-publish","hentry"],"_links":{"self":[{"href":"https:\/\/www.estil.ee\/est\/wp-json\/wp\/v2\/pages\/4896","targetHints":{"allow":["GET"]}}],"collection":[{"href":"https:\/\/www.estil.ee\/est\/wp-json\/wp\/v2\/pages"}],"about":[{"href":"https:\/\/www.estil.ee\/est\/wp-json\/wp\/v2\/types\/page"}],"author":[{"embeddable":true,"href":"https:\/\/www.estil.ee\/est\/wp-json\/wp\/v2\/users\/1"}],"replies":[{"embeddable":true,"href":"https:\/\/www.estil.ee\/est\/wp-json\/wp\/v2\/comments?post=4896"}],"version-history":[{"count":0,"href":"https:\/\/www.estil.ee\/est\/wp-json\/wp\/v2\/pages\/4896\/revisions"}],"up":[{"embeddable":true,"href":"https:\/\/www.estil.ee\/est\/wp-json\/wp\/v2\/pages\/4888"}],"wp:attachment":[{"href":"https:\/\/www.estil.ee\/est\/wp-json\/wp\/v2\/media?parent=4896"}],"curies":[{"name":"wp","href":"https:\/\/api.w.org\/{rel}","templated":true}]}}