{"id":4892,"date":"2018-10-24T16:49:15","date_gmt":"2018-10-24T16:49:15","guid":{"rendered":"http:\/\/elemental.ee\/estil\/?page_id=4892"},"modified":"2018-10-24T16:49:15","modified_gmt":"2018-10-24T16:49:15","slug":"victron-energy-bv","status":"publish","type":"page","link":"https:\/\/www.estil.ee\/est\/tooted-ja-teenused\/inverterid-ja-konverterid\/victron-energy-bv\/","title":{"rendered":"Victron Energy BV"},"content":{"rendered":"\n<style type=\"text\/css\" data-created_by=\"avia_inline_auto\" id=\"style-css-av-av_section-7a8c966baefa70e6a13dd0d71ba6ceca\">\n.avia-section.av-av_section-7a8c966baefa70e6a13dd0d71ba6ceca{\nbackground-repeat:no-repeat;\nbackground-image:url(https:\/\/www.estil.ee\/est\/wp-content\/uploads\/2018\/10\/123header-1.jpg);\nbackground-position:50% 0%;\nbackground-attachment:scroll;\n}\n<\/style>\n<div id='teenused'  class='avia-section av-av_section-7a8c966baefa70e6a13dd0d71ba6ceca main_color avia-section-default avia-no-border-styling  avia-builder-el-0  el_before_av_heading  avia-builder-el-first  avia-full-stretch avia-bg-style-scroll av-minimum-height av-minimum-height-custom  container_wrap sidebar_right'  data-section-bg-repeat='stretch' data-av_minimum_height_px='262'><div class='container av-section-cont-open' style='height:262px'><main  role=\"main\" itemprop=\"mainContentOfPage\"  class='template-page content  av-content-small alpha units'><div class='post-entry post-entry-type-page post-entry-4892'><div class='entry-content-wrapper clearfix'><\/div><\/div><\/main><!-- close content main element --><\/div><\/div><div id='after_section_1'  class='main_color av_default_container_wrap container_wrap sidebar_right'  ><div class='container av-section-cont-open' ><div class='template-page content  av-content-small alpha units'><div class='post-entry post-entry-type-page post-entry-4892'><div class='entry-content-wrapper clearfix'>\n\n<style type=\"text\/css\" data-created_by=\"avia_inline_auto\" id=\"style-css-av-av_heading-aefe1f0bdb4fb5566685196a2d1caf1b\">\n#top .av-special-heading.av-av_heading-aefe1f0bdb4fb5566685196a2d1caf1b{\npadding-bottom:10px;\ncolor:#4c4c4c;\nfont-size:40px;\n}\nbody .av-special-heading.av-av_heading-aefe1f0bdb4fb5566685196a2d1caf1b .av-special-heading-tag .heading-char{\nfont-size:25px;\n}\n#top #wrap_all .av-special-heading.av-av_heading-aefe1f0bdb4fb5566685196a2d1caf1b .av-special-heading-tag{\nfont-size:40px;\n}\n.av-special-heading.av-av_heading-aefe1f0bdb4fb5566685196a2d1caf1b .special-heading-inner-border{\nborder-color:#4c4c4c;\n}\n.av-special-heading.av-av_heading-aefe1f0bdb4fb5566685196a2d1caf1b .av-subheading{\nfont-size:15px;\n}\n<\/style>\n<div  class='av-special-heading av-av_heading-aefe1f0bdb4fb5566685196a2d1caf1b av-special-heading-h2 custom-color-heading blockquote modern-quote  avia-builder-el-1  el_after_av_section  el_before_av_hr  avia-builder-el-first  av-thin-font av-inherit-size'><h2 class='av-special-heading-tag'  itemprop=\"headline\"  ><strong>Victron Energy BV<\/strong><\/h2><div class='av_custom_color av-subheading av-subheading_below'><p><a href=\"https:\/\/www.victronenergy.com\/\">https:\/\/www.victronenergy.com\/<\/a><\/p>\n<\/div><div class=\"special-heading-border\"><div class=\"special-heading-inner-border\"><\/div><\/div><\/div>\n\n<style type=\"text\/css\" data-created_by=\"avia_inline_auto\" id=\"style-css-av-av_hr-78c3437b76b0cfc292e785efcfa7651d\">\n#top .hr.av-av_hr-78c3437b76b0cfc292e785efcfa7651d{\nmargin-top:10px;\nmargin-bottom:10px;\n}\n.hr.av-av_hr-78c3437b76b0cfc292e785efcfa7651d .hr-inner{\nwidth:100%;\nborder-color:#d8d8d8;\n}\n<\/style>\n<div  class='hr av-av_hr-78c3437b76b0cfc292e785efcfa7651d hr-custom  avia-builder-el-2  el_after_av_heading  el_before_av_three_fourth  hr-center hr-icon-no'><span class='hr-inner inner-border-av-border-thin'><span class=\"hr-inner-style\"><\/span><\/span><\/div>\n\n<style type=\"text\/css\" data-created_by=\"avia_inline_auto\" id=\"style-css-av-av_three_fourth-b18ec1635791c30194c2fc90ea77ba9c\">\n.flex_column.av-av_three_fourth-b18ec1635791c30194c2fc90ea77ba9c{\n-webkit-border-radius:0px 0px 0px 0px;\n-moz-border-radius:0px 0px 0px 0px;\nborder-radius:0px 0px 0px 0px;\n}\n<\/style>\n<div class='flex_column av-av_three_fourth-b18ec1635791c30194c2fc90ea77ba9c av_three_fourth  avia-builder-el-3  el_after_av_hr  el_before_av_one_fourth  first flex_column_div av-zero-column-padding '     ><section  class='av_textblock_section av-av_textblock-396ddf1f42196ca838231e61a4602801'  itemscope=\"itemscope\" itemtype=\"https:\/\/schema.org\/CreativeWork\" ><div class='avia_textblock'  itemprop=\"text\" ><h3 style=\"text-align: left;\"><strong>Victron Energy Phoenix inverter<\/strong><\/h3>\n<\/div><\/section><br \/>\n<section  class='av_textblock_section av-av_textblock-396ddf1f42196ca838231e61a4602801'  itemscope=\"itemscope\" itemtype=\"https:\/\/schema.org\/CreativeWork\" ><div class='avia_textblock'  itemprop=\"text\" ><p style=\"text-align: left;\">Hea ja \u00f6konoomne lahendus nn Off \u2013 grid PV s\u00fcsteemides koos p\u00e4ikesepaneelide, MPPT kontrolleri ja akudega.<\/p>\n<p style=\"text-align: justify;\"><strong>V\u00f5imsustele<\/strong>: 1200 \u2013 5000VA<br \/>\n<strong>Sisendpinge<\/strong>: 12\/ 24\/ 48VDC<br \/>\n<strong>V\u00e4ljundpinge<\/strong>: 230VAC<br \/>\n<strong>Paralleelt\u00f6\u00f6<\/strong>: kuni 6 inverterit<\/p>\n<\/div><\/section><\/p><\/div>\n\n<style type=\"text\/css\" data-created_by=\"avia_inline_auto\" id=\"style-css-av-av_one_fourth-531d5d4d3d3a74d4c56d8363993d8877\">\n.flex_column.av-av_one_fourth-531d5d4d3d3a74d4c56d8363993d8877{\n-webkit-border-radius:0px 0px 0px 0px;\n-moz-border-radius:0px 0px 0px 0px;\nborder-radius:0px 0px 0px 0px;\n}\n<\/style>\n<div class='flex_column av-av_one_fourth-531d5d4d3d3a74d4c56d8363993d8877 av_one_fourth  avia-builder-el-6  el_after_av_three_fourth  el_before_av_hr  flex_column_div av-zero-column-padding '     ><style type=\"text\/css\" data-created_by=\"avia_inline_auto\" id=\"style-css-av-av_image-fb60d9725403bef985e357cf7816f753\">\n.avia-image-container.av-av_image-fb60d9725403bef985e357cf7816f753 .avia-image-container-inner{\ntransform:scale3d( 1, 1, 1 ) skew( 0, 0 ) translate3d( 0, 0, 0 );\n}\n.avia-image-container.av-av_image-fb60d9725403bef985e357cf7816f753 img.avia_image{\nbox-shadow:none;\n}\n.avia-image-container.av-av_image-fb60d9725403bef985e357cf7816f753 .av-image-caption-overlay-center{\ncolor:#ffffff;\n}\n\n@media only screen and (min-width: 768px) and (max-width: 989px){ \n.avia-image-container.av-av_image-fb60d9725403bef985e357cf7816f753 .avia-image-container-inner{\ntransform:scale3d( 1, 1, 1 ) skew( 0, 0 ) translate3d( 0, 0, 0 );\n}\n}\n\n@media only screen and (min-width: 480px) and (max-width: 767px){ \n.avia-image-container.av-av_image-fb60d9725403bef985e357cf7816f753 .avia-image-container-inner{\ntransform:scale3d( 1, 1, 1 ) skew( 0, 0 ) translate3d( 0, 0, 0 );\n}\n}\n\n@media only screen and (max-width: 479px){ \n.avia-image-container.av-av_image-fb60d9725403bef985e357cf7816f753 .avia-image-container-inner{\ntransform:scale3d( 1, 1, 1 ) skew( 0, 0 ) translate3d( 0, 0, 0 );\n}\n}\n<\/style>\n<div  class='avia-image-container av-av_image-fb60d9725403bef985e357cf7816f753 av-styling-no-styling avia-align-left  avia-builder-el-7  avia-builder-el-no-sibling  av-custom-transform'   itemprop=\"image\" itemscope=\"itemscope\" itemtype=\"https:\/\/schema.org\/ImageObject\" ><div class=\"avia-image-container-inner\"><div class=\"avia-image-overlay-wrap\"><a href=\"https:\/\/www.estil.ee\/est\/wp-content\/uploads\/2018\/10\/Victron-Phoenix-inverter-1.png\" class='avia_image' ><img decoding=\"async\" class='wp-image-4917 avia-img-lazy-loading-not-4917 avia_image ' src=\"https:\/\/www.estil.ee\/est\/wp-content\/uploads\/2018\/10\/Victron-Phoenix-inverter-1.png\" alt='' title='Victron Phoenix inverter'  height=\"130\" width=\"117\"  itemprop=\"thumbnailUrl\"  \/><\/a><\/div><\/div><\/div><\/div>\n<style type=\"text\/css\" data-created_by=\"avia_inline_auto\" id=\"style-css-av-av_hr-78c3437b76b0cfc292e785efcfa7651d\">\n#top .hr.av-av_hr-78c3437b76b0cfc292e785efcfa7651d{\nmargin-top:10px;\nmargin-bottom:10px;\n}\n.hr.av-av_hr-78c3437b76b0cfc292e785efcfa7651d .hr-inner{\nwidth:100%;\nborder-color:#d8d8d8;\n}\n<\/style>\n<div  class='hr av-av_hr-78c3437b76b0cfc292e785efcfa7651d hr-custom  avia-builder-el-8  el_after_av_one_fourth  el_before_av_one_full  hr-center hr-icon-no'><span class='hr-inner inner-border-av-border-thin'><span class=\"hr-inner-style\"><\/span><\/span><\/div><\/p>\n\n<style type=\"text\/css\" data-created_by=\"avia_inline_auto\" id=\"style-css-av-av_one_full-b18ec1635791c30194c2fc90ea77ba9c\">\n.flex_column.av-av_one_full-b18ec1635791c30194c2fc90ea77ba9c{\n-webkit-border-radius:0px 0px 0px 0px;\n-moz-border-radius:0px 0px 0px 0px;\nborder-radius:0px 0px 0px 0px;\n}\n<\/style>\n<div class='flex_column av-av_one_full-b18ec1635791c30194c2fc90ea77ba9c av_one_full  avia-builder-el-9  el_after_av_hr  el_before_av_hr  first flex_column_div av-zero-column-padding '     ><section  class='av_textblock_section av-av_textblock-396ddf1f42196ca838231e61a4602801'  itemscope=\"itemscope\" itemtype=\"https:\/\/schema.org\/CreativeWork\" ><div class='avia_textblock'  itemprop=\"text\" ><h3 style=\"text-align: left;\"><strong>Victron Energy Ultra Fast MPPT kontroller<\/strong><\/h3>\n<\/div><\/section><br \/>\n<section  class='av_textblock_section av-av_textblock-396ddf1f42196ca838231e61a4602801'  itemscope=\"itemscope\" itemtype=\"https:\/\/schema.org\/CreativeWork\" ><div class='avia_textblock'  itemprop=\"text\" ><p style=\"text-align: justify;\">MPPT laadimiskontroller muundab p\u00e4ikesepaneelide poolt toodetud energia energiasalvestitele ehk akudele ning inverteritele sobivaks.<\/p>\n<p style=\"text-align: justify;\">P\u00e4ikesepaneelide (PV) pinge ja voolu pideva j\u00e4lgimise abil tagab MPPT tehnoloogia, et maksimaalne saadaolev energia paneelidest akude ja tarbijateni j\u00f5uaks. See eelis tuleb eriti v\u00e4lja siis, kui taevas on osaliselt h\u00e4gune ja valguse intensiivsus muutub pidevalt.<\/p>\n<\/div><\/section><\/p><\/div>\n\n<style type=\"text\/css\" data-created_by=\"avia_inline_auto\" id=\"style-css-av-av_hr-78c3437b76b0cfc292e785efcfa7651d\">\n#top .hr.av-av_hr-78c3437b76b0cfc292e785efcfa7651d{\nmargin-top:10px;\nmargin-bottom:10px;\n}\n.hr.av-av_hr-78c3437b76b0cfc292e785efcfa7651d .hr-inner{\nwidth:100%;\nborder-color:#d8d8d8;\n}\n<\/style>\n<div  class='hr av-av_hr-78c3437b76b0cfc292e785efcfa7651d hr-custom  avia-builder-el-12  el_after_av_one_full  el_before_av_three_fourth  hr-center hr-icon-no'><span class='hr-inner inner-border-av-border-thin'><span class=\"hr-inner-style\"><\/span><\/span><\/div>\n\n<style type=\"text\/css\" data-created_by=\"avia_inline_auto\" id=\"style-css-av-av_three_fourth-b18ec1635791c30194c2fc90ea77ba9c\">\n.flex_column.av-av_three_fourth-b18ec1635791c30194c2fc90ea77ba9c{\n-webkit-border-radius:0px 0px 0px 0px;\n-moz-border-radius:0px 0px 0px 0px;\nborder-radius:0px 0px 0px 0px;\n}\n<\/style>\n<div class='flex_column av-av_three_fourth-b18ec1635791c30194c2fc90ea77ba9c av_three_fourth  avia-builder-el-13  el_after_av_hr  el_before_av_one_fourth  first flex_column_div av-zero-column-padding '     ><section  class='av_textblock_section av-av_textblock-396ddf1f42196ca838231e61a4602801'  itemscope=\"itemscope\" itemtype=\"https:\/\/schema.org\/CreativeWork\" ><div class='avia_textblock'  itemprop=\"text\" ><h3 style=\"text-align: left;\"><strong>SmartSolar MPPT 150\/45 kuni 150\/100<\/strong><\/h3>\n<\/div><\/section><br \/>\n<section  class='av_textblock_section av-av_textblock-396ddf1f42196ca838231e61a4602801'  itemscope=\"itemscope\" itemtype=\"https:\/\/schema.org\/CreativeWork\" ><div class='avia_textblock'  itemprop=\"text\" ><p style=\"text-align: justify;\"><strong>Maksimaalne PV lahtise ahela pinge:<\/strong> 150 VDC<br \/>\n<strong>Aku pinge:<\/strong> 12\/24\/36\/48VDC<br \/>\n<strong>Laadimisvoolu tugevus:<\/strong> 45 \u2013 100A<br \/>\n<strong>Kaitstusaste:<\/strong> IP 43<\/p>\n<\/div><\/section><\/p><\/div>\n\n<style type=\"text\/css\" data-created_by=\"avia_inline_auto\" id=\"style-css-av-av_one_fourth-531d5d4d3d3a74d4c56d8363993d8877\">\n.flex_column.av-av_one_fourth-531d5d4d3d3a74d4c56d8363993d8877{\n-webkit-border-radius:0px 0px 0px 0px;\n-moz-border-radius:0px 0px 0px 0px;\nborder-radius:0px 0px 0px 0px;\n}\n<\/style>\n<div class='flex_column av-av_one_fourth-531d5d4d3d3a74d4c56d8363993d8877 av_one_fourth  avia-builder-el-16  el_after_av_three_fourth  avia-builder-el-last  flex_column_div av-zero-column-padding '     ><style type=\"text\/css\" data-created_by=\"avia_inline_auto\" id=\"style-css-av-av_image-ecbc13a46f724762ef6d9d757a571595\">\n.avia-image-container.av-av_image-ecbc13a46f724762ef6d9d757a571595 .avia-image-container-inner{\ntransform:scale3d( 1, 1, 1 ) skew( 0, 0 ) translate3d( 0, 0, 0 );\n}\n.avia-image-container.av-av_image-ecbc13a46f724762ef6d9d757a571595 img.avia_image{\nbox-shadow:none;\n}\n.avia-image-container.av-av_image-ecbc13a46f724762ef6d9d757a571595 .av-image-caption-overlay-center{\ncolor:#ffffff;\n}\n\n@media only screen and (min-width: 768px) and (max-width: 989px){ \n.avia-image-container.av-av_image-ecbc13a46f724762ef6d9d757a571595 .avia-image-container-inner{\ntransform:scale3d( 1, 1, 1 ) skew( 0, 0 ) translate3d( 0, 0, 0 );\n}\n}\n\n@media only screen and (min-width: 480px) and (max-width: 767px){ \n.avia-image-container.av-av_image-ecbc13a46f724762ef6d9d757a571595 .avia-image-container-inner{\ntransform:scale3d( 1, 1, 1 ) skew( 0, 0 ) translate3d( 0, 0, 0 );\n}\n}\n\n@media only screen and (max-width: 479px){ \n.avia-image-container.av-av_image-ecbc13a46f724762ef6d9d757a571595 .avia-image-container-inner{\ntransform:scale3d( 1, 1, 1 ) skew( 0, 0 ) translate3d( 0, 0, 0 );\n}\n}\n<\/style>\n<div  class='avia-image-container av-av_image-ecbc13a46f724762ef6d9d757a571595 av-styling-no-styling avia-align-left  avia-builder-el-17  avia-builder-el-no-sibling  av-custom-transform'   itemprop=\"image\" itemscope=\"itemscope\" itemtype=\"https:\/\/schema.org\/ImageObject\" ><div class=\"avia-image-container-inner\"><div class=\"avia-image-overlay-wrap\"><a href=\"https:\/\/www.estil.ee\/est\/wp-content\/uploads\/2018\/10\/Victron-Blue-solar-MPPT-1.png\" class='avia_image' ><img decoding=\"async\" class='wp-image-4918 avia-img-lazy-loading-not-4918 avia_image ' src=\"https:\/\/www.estil.ee\/est\/wp-content\/uploads\/2018\/10\/Victron-Blue-solar-MPPT-1.png\" alt='' title='Victron Blue solar MPPT'  height=\"93\" width=\"130\"  itemprop=\"thumbnailUrl\"  \/><\/a><\/div><\/div><\/div><\/div>\n","protected":false},"excerpt":{"rendered":"<p>This is a Page excerpt. It will be displayed for search results<\/p>\n","protected":false},"author":1,"featured_media":0,"parent":4888,"menu_order":0,"comment_status":"open","ping_status":"open","template":"","meta":{"footnotes":""},"class_list":["post-4892","page","type-page","status-publish","hentry"],"_links":{"self":[{"href":"https:\/\/www.estil.ee\/est\/wp-json\/wp\/v2\/pages\/4892","targetHints":{"allow":["GET"]}}],"collection":[{"href":"https:\/\/www.estil.ee\/est\/wp-json\/wp\/v2\/pages"}],"about":[{"href":"https:\/\/www.estil.ee\/est\/wp-json\/wp\/v2\/types\/page"}],"author":[{"embeddable":true,"href":"https:\/\/www.estil.ee\/est\/wp-json\/wp\/v2\/users\/1"}],"replies":[{"embeddable":true,"href":"https:\/\/www.estil.ee\/est\/wp-json\/wp\/v2\/comments?post=4892"}],"version-history":[{"count":0,"href":"https:\/\/www.estil.ee\/est\/wp-json\/wp\/v2\/pages\/4892\/revisions"}],"up":[{"embeddable":true,"href":"https:\/\/www.estil.ee\/est\/wp-json\/wp\/v2\/pages\/4888"}],"wp:attachment":[{"href":"https:\/\/www.estil.ee\/est\/wp-json\/wp\/v2\/media?parent=4892"}],"curies":[{"name":"wp","href":"https:\/\/api.w.org\/{rel}","templated":true}]}}