{"id":4483,"date":"2018-10-22T10:09:50","date_gmt":"2018-10-22T10:09:50","guid":{"rendered":"http:\/\/elemental.ee\/estil\/?page_id=4483"},"modified":"2018-10-22T10:09:50","modified_gmt":"2018-10-22T10:09:50","slug":"solaarakud","status":"publish","type":"page","link":"https:\/\/www.estil.ee\/est\/tooted-ja-teenused\/akupatareid\/solaarakud\/","title":{"rendered":"Solaarakud"},"content":{"rendered":"\n<style type=\"text\/css\" data-created_by=\"avia_inline_auto\" id=\"style-css-av-av_section-7a8c966baefa70e6a13dd0d71ba6ceca\">\n.avia-section.av-av_section-7a8c966baefa70e6a13dd0d71ba6ceca{\nbackground-repeat:no-repeat;\nbackground-image:url(https:\/\/www.estil.ee\/est\/wp-content\/uploads\/2018\/10\/123header-1.jpg);\nbackground-position:50% 0%;\nbackground-attachment:scroll;\n}\n<\/style>\n<div id='teenused'  class='avia-section av-av_section-7a8c966baefa70e6a13dd0d71ba6ceca main_color avia-section-default avia-no-border-styling  avia-builder-el-0  el_before_av_heading  avia-builder-el-first  avia-full-stretch avia-bg-style-scroll av-minimum-height av-minimum-height-custom  container_wrap sidebar_right'  data-section-bg-repeat='stretch' data-av_minimum_height_px='262'><div class='container av-section-cont-open' style='height:262px'><main  role=\"main\" itemprop=\"mainContentOfPage\"  class='template-page content  av-content-small alpha units'><div class='post-entry post-entry-type-page post-entry-4483'><div class='entry-content-wrapper clearfix'><\/div><\/div><\/main><!-- close content main element --><\/div><\/div><div id='after_section_1'  class='main_color av_default_container_wrap container_wrap sidebar_right'  ><div class='container av-section-cont-open' ><div class='template-page content  av-content-small alpha units'><div class='post-entry post-entry-type-page post-entry-4483'><div class='entry-content-wrapper clearfix'>\n\n<style type=\"text\/css\" data-created_by=\"avia_inline_auto\" id=\"style-css-av-av_heading-faffadcbae88a759ce033772c294537a\">\n#top .av-special-heading.av-av_heading-faffadcbae88a759ce033772c294537a{\npadding-bottom:10px;\ncolor:#4c4c4c;\nfont-size:40px;\n}\nbody .av-special-heading.av-av_heading-faffadcbae88a759ce033772c294537a .av-special-heading-tag .heading-char{\nfont-size:25px;\n}\n#top #wrap_all .av-special-heading.av-av_heading-faffadcbae88a759ce033772c294537a .av-special-heading-tag{\nfont-size:40px;\n}\n.av-special-heading.av-av_heading-faffadcbae88a759ce033772c294537a .special-heading-inner-border{\nborder-color:#4c4c4c;\n}\n.av-special-heading.av-av_heading-faffadcbae88a759ce033772c294537a .av-subheading{\nfont-size:15px;\n}\n<\/style>\n<div  class='av-special-heading av-av_heading-faffadcbae88a759ce033772c294537a av-special-heading-h2 custom-color-heading blockquote modern-quote  avia-builder-el-1  el_after_av_section  el_before_av_textblock  avia-builder-el-first  av-thin-font av-inherit-size'><h2 class='av-special-heading-tag'  itemprop=\"headline\"  ><strong>Solaarakud<\/strong><\/h2><div class=\"special-heading-border\"><div class=\"special-heading-inner-border\"><\/div><\/div><\/div>\n<section  class='av_textblock_section av-av_textblock-396ddf1f42196ca838231e61a4602801'  itemscope=\"itemscope\" itemtype=\"https:\/\/schema.org\/CreativeWork\" ><div class='avia_textblock'  itemprop=\"text\" ><p style=\"text-align: justify;\">Solaarakud (\u00a0<em>Solar batteries<\/em>) on ts\u00fcklilised akud (\u00a0<em>deep cycle batteries<\/em>), mida kasutatakse taastuvelektri: tuuleelekter, p\u00e4ikeseelekter jne tootmisel energia salvestitena.<\/p>\n<\/div><\/section>\n\n<style type=\"text\/css\" data-created_by=\"avia_inline_auto\" id=\"style-css-av-av_hr-78c3437b76b0cfc292e785efcfa7651d\">\n#top .hr.av-av_hr-78c3437b76b0cfc292e785efcfa7651d{\nmargin-top:10px;\nmargin-bottom:10px;\n}\n.hr.av-av_hr-78c3437b76b0cfc292e785efcfa7651d .hr-inner{\nwidth:100%;\nborder-color:#d8d8d8;\n}\n<\/style>\n<div  class='hr av-av_hr-78c3437b76b0cfc292e785efcfa7651d hr-custom  avia-builder-el-3  el_after_av_textblock  el_before_av_one_half  hr-center hr-icon-no'><span class='hr-inner inner-border-av-border-thin'><span class=\"hr-inner-style\"><\/span><\/span><\/div>\n\n<style type=\"text\/css\" data-created_by=\"avia_inline_auto\" id=\"style-css-av-av_one_half-b18ec1635791c30194c2fc90ea77ba9c\">\n.flex_column.av-av_one_half-b18ec1635791c30194c2fc90ea77ba9c{\n-webkit-border-radius:0px 0px 0px 0px;\n-moz-border-radius:0px 0px 0px 0px;\nborder-radius:0px 0px 0px 0px;\n}\n<\/style>\n<div class='flex_column av-av_one_half-b18ec1635791c30194c2fc90ea77ba9c av_one_half  avia-builder-el-4  el_after_av_hr  el_before_av_one_half  first flex_column_div av-zero-column-padding '     ><section  class='av_textblock_section av-av_textblock-396ddf1f42196ca838231e61a4602801'  itemscope=\"itemscope\" itemtype=\"https:\/\/schema.org\/CreativeWork\" ><div class='avia_textblock'  itemprop=\"text\" ><p style=\"text-align: justify;\">\u00d5ige akut\u00fc\u00fcbi valik p\u00e4ikeseelektri tootmises nn\u00a0<em>Off \u2013 grid<\/em>\u00a0s\u00fcsteemides on v\u00e4ga oluline, kuna akud peavad t\u00f6\u00f6tama ja vastu pidama nii madalatel\u00a0\u00a0kui ka k\u00f5rgetel temperatuuridel, mittet\u00e4ielikul laadimisel\u00a0\u00a0ning s\u00fcvat\u00fchjenemisel ts\u00fcklilise t\u00f6\u00f6 re\u017eiimis. Starterakud ( autoakud) ei ole loodud t\u00f6\u00f6tamaks sellistel t\u00f6\u00f6karakteristikutel, kuna nad peavad v\u00e4ljastama l\u00fchiajaliselt suurt voolutugevust m\u00f5ne sekundi jooksul. P\u00e4ikese ehk helioelektri\u00a0\u00a0salvestatud energia vabaneb akudest aga pika aja jooksul. Seega laetakse akud v\u00f5rreldes startakudega tihtipeale t\u00e4iesti t\u00fchjaks.<\/p>\n<\/div><\/section><\/div>\n\n<style type=\"text\/css\" data-created_by=\"avia_inline_auto\" id=\"style-css-av-av_one_half-531d5d4d3d3a74d4c56d8363993d8877\">\n.flex_column.av-av_one_half-531d5d4d3d3a74d4c56d8363993d8877{\n-webkit-border-radius:0px 0px 0px 0px;\n-moz-border-radius:0px 0px 0px 0px;\nborder-radius:0px 0px 0px 0px;\n}\n<\/style>\n<div class='flex_column av-av_one_half-531d5d4d3d3a74d4c56d8363993d8877 av_one_half  avia-builder-el-6  el_after_av_one_half  avia-builder-el-last  flex_column_div av-zero-column-padding '     ><section  class='av_textblock_section av-av_textblock-396ddf1f42196ca838231e61a4602801'  itemscope=\"itemscope\" itemtype=\"https:\/\/schema.org\/CreativeWork\" ><div class='avia_textblock'  itemprop=\"text\" ><p style=\"text-align: justify;\">Solaarenergeetikas kasutatakse m\u00f5lemaid, nii lahtisi klassikalisi akusid (\u00a0<em>flooded battery<\/em>) kui ka kinniseid hooldevabasid akusid (\u00a0<em>sealed battery<\/em>). Kinnised e VRLA akud jagunevad omakorda AGM (<em>Absorbed Glass Mat<\/em>) ja geeliakudeks (\u00a0<em>Gel battery<\/em>). Klassikalistel solaarakudel on natuke madalam soetusmaksumus ja nende eluiga on \u00f5igel hooldamisel pikem kui VRLA\u00a0<em>( sealed<\/em>) akudel. Samas on nende k\u00e4it t\u00f6\u00f6mahukam (tuleb j\u00e4lgida elektrol\u00fc\u00fcdi tast jne) ja nende paigaldistele on karmimad n\u00f5uded ( ventilatsioon, asetus jne). VRLA akusid saab paigaldada nii horisontaalselt kui ka vertikaalselt. Nad ei vaja praktiliselt muud hoolt kui vaid j\u00e4lgida, et neid ei laetaks ei \u00fcle ega alapingega.<\/p>\n<\/div><\/section><\/div>\n","protected":false},"excerpt":{"rendered":"<p>This is a Page excerpt. It will be displayed for search results<\/p>\n","protected":false},"author":1,"featured_media":0,"parent":4473,"menu_order":0,"comment_status":"open","ping_status":"open","template":"","meta":{"footnotes":""},"class_list":["post-4483","page","type-page","status-publish","hentry"],"_links":{"self":[{"href":"https:\/\/www.estil.ee\/est\/wp-json\/wp\/v2\/pages\/4483","targetHints":{"allow":["GET"]}}],"collection":[{"href":"https:\/\/www.estil.ee\/est\/wp-json\/wp\/v2\/pages"}],"about":[{"href":"https:\/\/www.estil.ee\/est\/wp-json\/wp\/v2\/types\/page"}],"author":[{"embeddable":true,"href":"https:\/\/www.estil.ee\/est\/wp-json\/wp\/v2\/users\/1"}],"replies":[{"embeddable":true,"href":"https:\/\/www.estil.ee\/est\/wp-json\/wp\/v2\/comments?post=4483"}],"version-history":[{"count":0,"href":"https:\/\/www.estil.ee\/est\/wp-json\/wp\/v2\/pages\/4483\/revisions"}],"up":[{"embeddable":true,"href":"https:\/\/www.estil.ee\/est\/wp-json\/wp\/v2\/pages\/4473"}],"wp:attachment":[{"href":"https:\/\/www.estil.ee\/est\/wp-json\/wp\/v2\/media?parent=4483"}],"curies":[{"name":"wp","href":"https:\/\/api.w.org\/{rel}","templated":true}]}}