{"id":4476,"date":"2018-10-22T10:02:47","date_gmt":"2018-10-22T10:02:47","guid":{"rendered":"http:\/\/elemental.ee\/estil\/?page_id=4476"},"modified":"2018-10-22T10:02:47","modified_gmt":"2018-10-22T10:02:47","slug":"exide-akud","status":"publish","type":"page","link":"https:\/\/www.estil.ee\/est\/tooted-ja-teenused\/akupatareid\/exide-akud\/","title":{"rendered":"Exide akud"},"content":{"rendered":"\n<style type=\"text\/css\" data-created_by=\"avia_inline_auto\" id=\"style-css-av-av_section-7a8c966baefa70e6a13dd0d71ba6ceca\">\n.avia-section.av-av_section-7a8c966baefa70e6a13dd0d71ba6ceca{\nbackground-repeat:no-repeat;\nbackground-image:url(https:\/\/www.estil.ee\/est\/wp-content\/uploads\/2018\/10\/123header-1.jpg);\nbackground-position:50% 0%;\nbackground-attachment:scroll;\n}\n<\/style>\n<div id='teenused'  class='avia-section av-av_section-7a8c966baefa70e6a13dd0d71ba6ceca main_color avia-section-default avia-no-border-styling  avia-builder-el-0  el_before_av_heading  avia-builder-el-first  avia-full-stretch avia-bg-style-scroll av-minimum-height av-minimum-height-custom  container_wrap sidebar_right'  data-section-bg-repeat='stretch' data-av_minimum_height_px='262'><div class='container av-section-cont-open' style='height:262px'><main  role=\"main\" itemprop=\"mainContentOfPage\"  class='template-page content  av-content-small alpha units'><div class='post-entry post-entry-type-page post-entry-4476'><div class='entry-content-wrapper clearfix'><\/div><\/div><\/main><!-- close content main element --><\/div><\/div><div id='after_section_1'  class='main_color av_default_container_wrap container_wrap sidebar_right'  ><div class='container av-section-cont-open' ><div class='template-page content  av-content-small alpha units'><div class='post-entry post-entry-type-page post-entry-4476'><div class='entry-content-wrapper clearfix'>\n\n<style type=\"text\/css\" data-created_by=\"avia_inline_auto\" id=\"style-css-av-av_heading-4bf6679fb82da6bc2e1b6a0f29209907\">\n#top .av-special-heading.av-av_heading-4bf6679fb82da6bc2e1b6a0f29209907{\npadding-bottom:10px;\ncolor:#4c4c4c;\nfont-size:40px;\n}\nbody .av-special-heading.av-av_heading-4bf6679fb82da6bc2e1b6a0f29209907 .av-special-heading-tag .heading-char{\nfont-size:25px;\n}\n#top #wrap_all .av-special-heading.av-av_heading-4bf6679fb82da6bc2e1b6a0f29209907 .av-special-heading-tag{\nfont-size:40px;\n}\n.av-special-heading.av-av_heading-4bf6679fb82da6bc2e1b6a0f29209907 .special-heading-inner-border{\nborder-color:#4c4c4c;\n}\n.av-special-heading.av-av_heading-4bf6679fb82da6bc2e1b6a0f29209907 .av-subheading{\nfont-size:15px;\n}\n<\/style>\n<div  class='av-special-heading av-av_heading-4bf6679fb82da6bc2e1b6a0f29209907 av-special-heading-h2 custom-color-heading blockquote modern-quote  avia-builder-el-1  el_after_av_section  el_before_av_hr  avia-builder-el-first  av-thin-font av-inherit-size'><h2 class='av-special-heading-tag'  itemprop=\"headline\"  ><strong>Exide<\/strong> akud<\/h2><div class=\"special-heading-border\"><div class=\"special-heading-inner-border\"><\/div><\/div><\/div>\n\n<style type=\"text\/css\" data-created_by=\"avia_inline_auto\" id=\"style-css-av-av_hr-78c3437b76b0cfc292e785efcfa7651d\">\n#top .hr.av-av_hr-78c3437b76b0cfc292e785efcfa7651d{\nmargin-top:10px;\nmargin-bottom:10px;\n}\n.hr.av-av_hr-78c3437b76b0cfc292e785efcfa7651d .hr-inner{\nwidth:100%;\nborder-color:#d8d8d8;\n}\n<\/style>\n<div  class='hr av-av_hr-78c3437b76b0cfc292e785efcfa7651d hr-custom  avia-builder-el-2  el_after_av_heading  el_before_av_one_full  hr-center hr-icon-no'><span class='hr-inner inner-border-av-border-thin'><span class=\"hr-inner-style\"><\/span><\/span><\/div>\n\n<style type=\"text\/css\" data-created_by=\"avia_inline_auto\" id=\"style-css-av-av_one_full-b18ec1635791c30194c2fc90ea77ba9c\">\n.flex_column.av-av_one_full-b18ec1635791c30194c2fc90ea77ba9c{\n-webkit-border-radius:0px 0px 0px 0px;\n-moz-border-radius:0px 0px 0px 0px;\nborder-radius:0px 0px 0px 0px;\n}\n<\/style>\n<div class='flex_column av-av_one_full-b18ec1635791c30194c2fc90ea77ba9c av_one_full  avia-builder-el-3  el_after_av_hr  avia-builder-el-last  first flex_column_div av-zero-column-padding '     ><section  class='av_textblock_section av-av_textblock-396ddf1f42196ca838231e61a4602801'  itemscope=\"itemscope\" itemtype=\"https:\/\/schema.org\/CreativeWork\" ><div class='avia_textblock'  itemprop=\"text\" ><p style=\"text-align: justify;\"><a href=\"http:\/\/www.exide.com\/fi\/en\" target=\"_blank\" rel=\"noopener\"><strong>Exide Technologies<\/strong><\/a>\u00a0opereerib otseselt enam kui 80 riigis. Tal on \u00fcle 100 aasta innovatiivset kogemust akude tootmisel. \u00dcks tema neljast ettev\u00f5tlusgruppi kuuluvast divisjonist on GNB Industrial Power.<\/p>\n<p style=\"text-align: justify;\"><a href=\"http:\/\/www.gnb.com\/ie\/en\/product-solutions\/network-power.aspx\" target=\"_blank\" rel=\"noopener\"><strong>GNB Industrial Power<\/strong><\/a>\u00a0tootevalikus on v\u00e4ga lai nii VRLA kui ka klassikaliste akude sortiment. Nad valmistavad akusid telekommunikatsioonis\u00fcsteemidele, p\u00e4ikese &#8211; elektrijaamadele (\u00a0<i>PV ehk photovoltaic\u00a0<\/i>), UPS seadmetele, konventsionaalsetele elektrijaamadele, elektri jaotusv\u00f5rkudele, raudtee taristutele, elektrimasinatele jne.<\/p>\n<p style=\"text-align: justify;\"><a href=\"http:\/\/www.estil.ee\/public\/documents\/Marathon_M_FT_en.pdf\" target=\"_blank\" rel=\"noopener\"><b>Marathon M &#8211; FT<\/b><\/a>\u00a0on esiterminalidega akud millede eluiga normaaltemperatuuril 20\u00b0C on 12 aastat. Neid valmistatakse mahutavustele 35 &#8211; 200 Ah (<i>\u00a0amp-hours\u00a0<\/i>). EUROBAT klassifikatsiooni j\u00e4rgi klassifitseeritakse nad nn\u00a0<i>Long Life<\/i>\u00a0akudeks.<\/p>\n<p style=\"text-align: justify;\"><a href=\"http:\/\/www.estil.ee\/public\/documents\/Marathon_L-XL.pdf\" target=\"_blank\" rel=\"noopener\"><b>Marathon L\/XL<\/b><\/a>\u00a0akusid valmistatakse nominaalpingetele 2V (\u00a0<i>cell<\/i>\u00a0) , 6V ja 12V (\u00a0<i>block<\/i>\u00a0).\u00a0Nendel on 12 aastane eluiga normaaltemperatuuril 20\u00b0C\u00a0ja j\u00e4\u00e4kmahutavusel 80%.\u00a0EUROBAT klassifikatsiooni j\u00e4rgi klassifitseeritakse nad nn\u00a0<i>Long Life<\/i>akudeks.\u00a0Neid toodetakse mahtuvustega 14 \u2013 575Ah.<\/p>\n<p style=\"text-align: justify;\"><b><a href=\"http:\/\/www.estil.ee\/public\/documents\/Sprinter_P_XP.pdf\" target=\"_blank\" rel=\"noopener\">Sprinter P\/XP<\/a>\u00a0<\/b>akusid valmistatakse nominaalpingetele 6V ja 12V.\u00a0Nendel on 10 \u2013 12 aastane eluiga normaaltemperatuuril 20\u00b0C\u00a0ja j\u00e4\u00e4kmahutavusel 80%.\u00a0EUROBAT klassifikatsiooni j\u00e4rgi klassifitseeritakse nad nn\u00a0<i>High Performance<\/i>\u00a0akudeks. Neid toodetakse mahtuvustega 24 &#8211; 195Ah. Sobivad h\u00e4sti kasutamiseks UPS s\u00fcsteemides, kuna l\u00fchiajaliselt v\u00e4ljastavad nad suhteliselt palju v\u00f5imsust. Sellep\u00e4rast dimensioneeritaksegi nad v\u00f5imsus\u00fchikutes W\/ aku kohta (\u00a0<i>W\/ block ).<\/i><\/p>\n<\/div><\/section><\/div>\n","protected":false},"excerpt":{"rendered":"<p>This is a Page excerpt. It will be displayed for search results<\/p>\n","protected":false},"author":1,"featured_media":0,"parent":4473,"menu_order":0,"comment_status":"open","ping_status":"open","template":"","meta":{"footnotes":""},"class_list":["post-4476","page","type-page","status-publish","hentry"],"_links":{"self":[{"href":"https:\/\/www.estil.ee\/est\/wp-json\/wp\/v2\/pages\/4476","targetHints":{"allow":["GET"]}}],"collection":[{"href":"https:\/\/www.estil.ee\/est\/wp-json\/wp\/v2\/pages"}],"about":[{"href":"https:\/\/www.estil.ee\/est\/wp-json\/wp\/v2\/types\/page"}],"author":[{"embeddable":true,"href":"https:\/\/www.estil.ee\/est\/wp-json\/wp\/v2\/users\/1"}],"replies":[{"embeddable":true,"href":"https:\/\/www.estil.ee\/est\/wp-json\/wp\/v2\/comments?post=4476"}],"version-history":[{"count":0,"href":"https:\/\/www.estil.ee\/est\/wp-json\/wp\/v2\/pages\/4476\/revisions"}],"up":[{"embeddable":true,"href":"https:\/\/www.estil.ee\/est\/wp-json\/wp\/v2\/pages\/4473"}],"wp:attachment":[{"href":"https:\/\/www.estil.ee\/est\/wp-json\/wp\/v2\/media?parent=4476"}],"curies":[{"name":"wp","href":"https:\/\/api.w.org\/{rel}","templated":true}]}}